{"id":3757,"date":"2020-08-20T17:15:55","date_gmt":"2020-08-20T20:15:55","guid":{"rendered":"https:\/\/pagos.ucsf.edu.ar\/?post_type=product&#038;p=3757"},"modified":"2026-04-06T13:44:21","modified_gmt":"2026-04-06T16:44:21","slug":"comedias-de-humor","status":"publish","type":"product","link":"https:\/\/www.ucsf.edu.ar\/tienda\/producto\/comedias-de-humor\/","title":{"rendered":"Comedias de Humor"},"content":{"rendered":"<p>En estas seis exitosas comedias del dramaturgo argentino Jos\u00e9 Ignacio Serralunga el humor se adue\u00f1a del centro de la escena. El humor como fin: divertir, entretener, hacer re\u00edr; y el humor como medio, como herramienta, como filtro. Porque hace tolerable lo intolerable, digerible lo indigerible, aceptable lo inaceptable. \u00bfC\u00f3mo, si no, podr\u00edamos soportar y hasta amar a estos personajes tan indignos? Desesperados que vender\u00edan sus almas por un deseo,\u00a0 ladrones, corruptos, mezquinos, hasta muertos que no descansan en paz. El humor aparece en estas comedias en todas sus formas, la iron\u00eda, la parodia, la farsa, el absurdo. Humor blanco y humor negro, en prosa y en verso, todo en su medida, pintando \u00e1mbitos tan diversos como el universo tanguero rioplatense, una leyenda medieval anglosajona, una historia de capa y espada y otra de amores contrariados, el mundo secreto de un pante\u00f3n familiar, sin esquivar la realidad m\u00e1s #candente en un relato pol\u00edticamente incorrecto.<\/p>\n","protected":false},"excerpt":{"rendered":"<h3>COLECCI\u00d3N TEATRO<\/h3>\n<p>Comedias de humor<\/p>\n<p><strong>Jos\u00e9 Ignacio Serralunga<\/strong><\/p>\n","protected":false},"author":152,"featured_media":3760,"comment_status":"closed","ping_status":"closed","template":"","meta":{"_acf_changed":false},"product_brand":[],"product_cat":[459],"product_tag":[676,677,678,679],"class_list":{"0":"post-3757","1":"product","2":"type-product","3":"status-publish","4":"has-post-thumbnail","6":"product_cat-libros","7":"product_tag-teatro","8":"product_tag-comedias","9":"product_tag-humor","10":"product_tag-comedias-de-humor","12":"first","13":"instock","14":"shipping-taxable","15":"purchasable","16":"product-type-simple"},"acf":[],"_links":{"self":[{"href":"https:\/\/www.ucsf.edu.ar\/tienda\/wp-json\/wp\/v2\/product\/3757","targetHints":{"allow":["GET"]}}],"collection":[{"href":"https:\/\/www.ucsf.edu.ar\/tienda\/wp-json\/wp\/v2\/product"}],"about":[{"href":"https:\/\/www.ucsf.edu.ar\/tienda\/wp-json\/wp\/v2\/types\/product"}],"author":[{"embeddable":true,"href":"https:\/\/www.ucsf.edu.ar\/tienda\/wp-json\/wp\/v2\/users\/152"}],"replies":[{"embeddable":true,"href":"https:\/\/www.ucsf.edu.ar\/tienda\/wp-json\/wp\/v2\/comments?post=3757"}],"wp:featuredmedia":[{"embeddable":true,"href":"https:\/\/www.ucsf.edu.ar\/tienda\/wp-json\/wp\/v2\/media\/3760"}],"wp:attachment":[{"href":"https:\/\/www.ucsf.edu.ar\/tienda\/wp-json\/wp\/v2\/media?parent=3757"}],"wp:term":[{"taxonomy":"product_brand","embeddable":true,"href":"https:\/\/www.ucsf.edu.ar\/tienda\/wp-json\/wp\/v2\/product_brand?post=3757"},{"taxonomy":"product_cat","embeddable":true,"href":"https:\/\/www.ucsf.edu.ar\/tienda\/wp-json\/wp\/v2\/product_cat?post=3757"},{"taxonomy":"product_tag","embeddable":true,"href":"https:\/\/www.ucsf.edu.ar\/tienda\/wp-json\/wp\/v2\/product_tag?post=3757"}],"curies":[{"name":"wp","href":"https:\/\/api.w.org\/{rel}","templated":true}]}}