{"id":7147,"date":"2022-06-08T08:56:59","date_gmt":"2022-06-08T11:56:59","guid":{"rendered":"https:\/\/pagos.ucsf.edu.ar\/?post_type=product&#038;p=7147"},"modified":"2026-03-03T10:53:46","modified_gmt":"2026-03-03T13:53:46","slug":"faros-alimentarios-rastreos-de-estrategias-socio-ecologicas-en-pandemia","status":"publish","type":"product","link":"https:\/\/www.ucsf.edu.ar\/tienda\/producto\/faros-alimentarios-rastreos-de-estrategias-socio-ecologicas-en-pandemia\/","title":{"rendered":"Volumen 06: Faros alimentarios. Rastreos de estrategias socio-ecol\u00f3gicas en pandemia"},"content":{"rendered":"<p>Frente a la agudizaci\u00f3n de las crisis alimentarias que desataron las cuarentenas del a\u00f1o 2020, este volumen se propone recuperar experiencias alimentarias esperanzadoras para una recuperaci\u00f3n eco-social pospandemia. En una primera parte muestra los factores de agotamiento del modelo alimentario del desarrollo. En la segunda, presenta iniciativas vigentes que plasman v\u00edas de transici\u00f3n hacia modelos alimentarios socio-ecol\u00f3gicos.<\/p>\n","protected":false},"excerpt":{"rendered":"<h3>COLECCI\u00d3N PENSAR LA PANDEMIA<\/h3>\n<p>Faros alimentarios. Rastreos de estrategias socio-ecol\u00f3gicas en pandemia<\/p>\n<p><strong>Mar\u00eda Celeste Nessier \u2013 Ana Mar\u00eda Bonet<\/strong><\/p>\n","protected":false},"author":152,"featured_media":7148,"comment_status":"closed","ping_status":"closed","template":"","meta":{"_acf_changed":false},"product_brand":[],"product_cat":[459],"product_tag":[650,651],"class_list":{"0":"post-7147","1":"product","2":"type-product","3":"status-publish","4":"has-post-thumbnail","6":"product_cat-libros","7":"product_tag-derecho-ciencias-de-la-salud","8":"product_tag-nutricion","10":"first","11":"instock","12":"shipping-taxable","13":"purchasable","14":"product-type-simple"},"acf":[],"_links":{"self":[{"href":"https:\/\/www.ucsf.edu.ar\/tienda\/wp-json\/wp\/v2\/product\/7147","targetHints":{"allow":["GET"]}}],"collection":[{"href":"https:\/\/www.ucsf.edu.ar\/tienda\/wp-json\/wp\/v2\/product"}],"about":[{"href":"https:\/\/www.ucsf.edu.ar\/tienda\/wp-json\/wp\/v2\/types\/product"}],"author":[{"embeddable":true,"href":"https:\/\/www.ucsf.edu.ar\/tienda\/wp-json\/wp\/v2\/users\/152"}],"replies":[{"embeddable":true,"href":"https:\/\/www.ucsf.edu.ar\/tienda\/wp-json\/wp\/v2\/comments?post=7147"}],"wp:featuredmedia":[{"embeddable":true,"href":"https:\/\/www.ucsf.edu.ar\/tienda\/wp-json\/wp\/v2\/media\/7148"}],"wp:attachment":[{"href":"https:\/\/www.ucsf.edu.ar\/tienda\/wp-json\/wp\/v2\/media?parent=7147"}],"wp:term":[{"taxonomy":"product_brand","embeddable":true,"href":"https:\/\/www.ucsf.edu.ar\/tienda\/wp-json\/wp\/v2\/product_brand?post=7147"},{"taxonomy":"product_cat","embeddable":true,"href":"https:\/\/www.ucsf.edu.ar\/tienda\/wp-json\/wp\/v2\/product_cat?post=7147"},{"taxonomy":"product_tag","embeddable":true,"href":"https:\/\/www.ucsf.edu.ar\/tienda\/wp-json\/wp\/v2\/product_tag?post=7147"}],"curies":[{"name":"wp","href":"https:\/\/api.w.org\/{rel}","templated":true}]}}