{"id":7158,"date":"2022-06-08T09:50:34","date_gmt":"2022-06-08T12:50:34","guid":{"rendered":"https:\/\/pagos.ucsf.edu.ar\/?post_type=product&#038;p=7158"},"modified":"2026-03-03T10:51:54","modified_gmt":"2026-03-03T13:51:54","slug":"principio-de-razonabilidad-derechos-fundamentales-y-emergencia-sanitaria","status":"publish","type":"product","link":"https:\/\/www.ucsf.edu.ar\/tienda\/producto\/principio-de-razonabilidad-derechos-fundamentales-y-emergencia-sanitaria\/","title":{"rendered":"Volumen 08: Principio de razonabilidad, derechos fundamentales y emergencia sanitaria"},"content":{"rendered":"<p>Analiza la argumentaci\u00f3n de la Corte Suprema de Justicia de Argentina y otros tribunales argentinos, como as\u00ed tambi\u00e9n extranjeros (Corte Suprema de EEUU, la Corte Suprema de Justicia de Chile y del Consejo de Estado Franc\u00e9s), para juzgar la validez de las normas de emergencia sanitaria dictadas durante la pandemia COVID-19,<br \/>\nen lo que se refiere a la reglamentaci\u00f3n del ejercicio de los derechos a la libertad de tr\u00e1nsito, a la libertad religiosa y a la educaci\u00f3n. Partiendo de un concepto normativo de validez jur\u00eddica, en oposici\u00f3n a uno descriptivo, se advierte que no es posible desvincular la determinaci\u00f3n de la validez jur\u00eddica de una norma de la justificaci\u00f3n para su dictado. La justificaci\u00f3n se vali\u00f3 de la aplicaci\u00f3n del principio de razonabilidad.<br \/>\nLuego de una rese\u00f1a del test de validez constitucional aplicado por la Corte Suprema de Argentina en materia de emergencia econ\u00f3mica, se analiza el aplicado durante la emergencia sanitaria por dicho tribunal y otros extranjeros, con el objetivo de se\u00f1alar diferencias y semejanzas, y encontrar criterios de validez jur\u00eddica comunes entre los diversos \u00f3rdenes constitucionales.<\/p>\n","protected":false},"excerpt":{"rendered":"<h3>COLECCI\u00d3N PENSAR LA PANDEMIA<\/h3>\n<p>Principio de razonabilidad, derechos fundamentales y emergencia sanitaria<\/p>\n<p><strong>Mar\u00eda Marta Didier \u2013 Santiago Francisco Petrone<\/strong><\/p>\n","protected":false},"author":152,"featured_media":7159,"comment_status":"closed","ping_status":"closed","template":"","meta":{"_acf_changed":false},"product_brand":[],"product_cat":[459],"product_tag":[646,653],"class_list":{"0":"post-7158","1":"product","2":"type-product","3":"status-publish","4":"has-post-thumbnail","6":"product_cat-libros","7":"product_tag-derecho","8":"product_tag-corte-suprema-de-justicia-de-argentina","10":"first","11":"instock","12":"shipping-taxable","13":"purchasable","14":"product-type-simple"},"acf":[],"_links":{"self":[{"href":"https:\/\/www.ucsf.edu.ar\/tienda\/wp-json\/wp\/v2\/product\/7158","targetHints":{"allow":["GET"]}}],"collection":[{"href":"https:\/\/www.ucsf.edu.ar\/tienda\/wp-json\/wp\/v2\/product"}],"about":[{"href":"https:\/\/www.ucsf.edu.ar\/tienda\/wp-json\/wp\/v2\/types\/product"}],"author":[{"embeddable":true,"href":"https:\/\/www.ucsf.edu.ar\/tienda\/wp-json\/wp\/v2\/users\/152"}],"replies":[{"embeddable":true,"href":"https:\/\/www.ucsf.edu.ar\/tienda\/wp-json\/wp\/v2\/comments?post=7158"}],"wp:featuredmedia":[{"embeddable":true,"href":"https:\/\/www.ucsf.edu.ar\/tienda\/wp-json\/wp\/v2\/media\/7159"}],"wp:attachment":[{"href":"https:\/\/www.ucsf.edu.ar\/tienda\/wp-json\/wp\/v2\/media?parent=7158"}],"wp:term":[{"taxonomy":"product_brand","embeddable":true,"href":"https:\/\/www.ucsf.edu.ar\/tienda\/wp-json\/wp\/v2\/product_brand?post=7158"},{"taxonomy":"product_cat","embeddable":true,"href":"https:\/\/www.ucsf.edu.ar\/tienda\/wp-json\/wp\/v2\/product_cat?post=7158"},{"taxonomy":"product_tag","embeddable":true,"href":"https:\/\/www.ucsf.edu.ar\/tienda\/wp-json\/wp\/v2\/product_tag?post=7158"}],"curies":[{"name":"wp","href":"https:\/\/api.w.org\/{rel}","templated":true}]}}