{"id":7164,"date":"2022-06-08T10:15:47","date_gmt":"2022-06-08T13:15:47","guid":{"rendered":"https:\/\/pagos.ucsf.edu.ar\/?post_type=product&#038;p=7164"},"modified":"2026-03-03T12:15:57","modified_gmt":"2026-03-03T15:15:57","slug":"las-contingencias-sociales-en-el-sistema-de-seguridad-social-de-la-provincia-de-santa-fe","status":"publish","type":"product","link":"https:\/\/www.ucsf.edu.ar\/tienda\/producto\/las-contingencias-sociales-en-el-sistema-de-seguridad-social-de-la-provincia-de-santa-fe\/","title":{"rendered":"Las contingencias sociales en el sistema de seguridad social de la provincia de Santa Fe"},"content":{"rendered":"<p>Aborda los distintos reg\u00edmenes que integran el sistema de seguridad social de la provincia de Santa Fe con una propuesta pedag\u00f3gica innovadora, partiendo del estudio de las contingencias sociales como objeto de aqu\u00e9lla. Constituye un aporte a la bibliograf\u00eda especializada, introduci\u00e9ndose en la academia y en el quehacer de decisores y magistrados, tanto para el debate o la elaboraci\u00f3n de nuevas normas, como para la mejor comprensi\u00f3n de un\u00a0 conflicto y su mejor decisi\u00f3n.<\/p>\n","protected":false},"excerpt":{"rendered":"<h3>\u00a1NOVEDAD!<\/h3>\n<p>Las contingencias sociales en el sistema de seguridad social de la provincia de Santa Fe<\/p>\n<p><strong>Armando F. J. De Feo<\/strong><\/p>\n","protected":false},"author":152,"featured_media":7165,"comment_status":"closed","ping_status":"closed","template":"","meta":{"_acf_changed":false},"product_brand":[],"product_cat":[459],"product_tag":[646,654,655,656],"class_list":{"0":"post-7164","1":"product","2":"type-product","3":"status-publish","4":"has-post-thumbnail","6":"product_cat-libros","7":"product_tag-derecho","8":"product_tag-derecho-de-la-seguridad-social","9":"product_tag-seguridad-social","10":"product_tag-provincia-de-santa-fe","12":"first","13":"instock","14":"shipping-taxable","15":"purchasable","16":"product-type-simple"},"acf":[],"_links":{"self":[{"href":"https:\/\/www.ucsf.edu.ar\/tienda\/wp-json\/wp\/v2\/product\/7164","targetHints":{"allow":["GET"]}}],"collection":[{"href":"https:\/\/www.ucsf.edu.ar\/tienda\/wp-json\/wp\/v2\/product"}],"about":[{"href":"https:\/\/www.ucsf.edu.ar\/tienda\/wp-json\/wp\/v2\/types\/product"}],"author":[{"embeddable":true,"href":"https:\/\/www.ucsf.edu.ar\/tienda\/wp-json\/wp\/v2\/users\/152"}],"replies":[{"embeddable":true,"href":"https:\/\/www.ucsf.edu.ar\/tienda\/wp-json\/wp\/v2\/comments?post=7164"}],"wp:featuredmedia":[{"embeddable":true,"href":"https:\/\/www.ucsf.edu.ar\/tienda\/wp-json\/wp\/v2\/media\/7165"}],"wp:attachment":[{"href":"https:\/\/www.ucsf.edu.ar\/tienda\/wp-json\/wp\/v2\/media?parent=7164"}],"wp:term":[{"taxonomy":"product_brand","embeddable":true,"href":"https:\/\/www.ucsf.edu.ar\/tienda\/wp-json\/wp\/v2\/product_brand?post=7164"},{"taxonomy":"product_cat","embeddable":true,"href":"https:\/\/www.ucsf.edu.ar\/tienda\/wp-json\/wp\/v2\/product_cat?post=7164"},{"taxonomy":"product_tag","embeddable":true,"href":"https:\/\/www.ucsf.edu.ar\/tienda\/wp-json\/wp\/v2\/product_tag?post=7164"}],"curies":[{"name":"wp","href":"https:\/\/api.w.org\/{rel}","templated":true}]}}