{"id":7205,"date":"2022-06-13T10:09:50","date_gmt":"2022-06-13T13:09:50","guid":{"rendered":"https:\/\/pagos.ucsf.edu.ar\/?post_type=product&#038;p=7205"},"modified":"2026-03-03T10:57:52","modified_gmt":"2026-03-03T13:57:52","slug":"corrientes-pedagogicas-contemporaneas","status":"publish","type":"product","link":"https:\/\/www.ucsf.edu.ar\/tienda\/producto\/corrientes-pedagogicas-contemporaneas\/","title":{"rendered":"Corrientes pedag\u00f3gicas contempor\u00e1neas"},"content":{"rendered":"<p>La ciencia de la educaci\u00f3n, es decir, la pedagog\u00eda, durante el siglo XX recibi\u00f3 aportes y cr\u00edticas desde todo el \u00e1mbito de las humanidades y las ciencias sociales. Filosof\u00eda del lenguaje, psicoan\u00e1lisis, conductismo, pragmatismo, culturalismo, marxismo, realismo filos\u00f3fico actualizado, son corrientes que han tenido grandes pensadores interesados en la educaci\u00f3n. El autor no oculta sus preferencias, pero como es un entusiasta adherente del esp\u00edritu que dio origen a la Universidad, considera que estas concepciones deben ser confrontadas, apoy\u00e1ndose siempre en las fuentes directas, para considerar sin prejuicios (en la medida en que esto es posible) la verdad que cada una contiene.<\/p>\n","protected":false},"excerpt":{"rendered":"<h3>Corrientes pedag\u00f3gicas contempor\u00e1neas<\/h3>\n<p><strong>Juan Carlos Pablo Ballesteros<\/strong><\/p>\n","protected":false},"author":152,"featured_media":7206,"comment_status":"closed","ping_status":"closed","template":"","meta":{"_acf_changed":false},"product_brand":[],"product_cat":[459],"product_tag":[683],"class_list":{"0":"post-7205","1":"product","2":"type-product","3":"status-publish","4":"has-post-thumbnail","6":"product_cat-libros","7":"product_tag-pedagogia-ciencias-de-la-educacion","9":"first","10":"instock","11":"shipping-taxable","12":"purchasable","13":"product-type-simple"},"acf":[],"_links":{"self":[{"href":"https:\/\/www.ucsf.edu.ar\/tienda\/wp-json\/wp\/v2\/product\/7205","targetHints":{"allow":["GET"]}}],"collection":[{"href":"https:\/\/www.ucsf.edu.ar\/tienda\/wp-json\/wp\/v2\/product"}],"about":[{"href":"https:\/\/www.ucsf.edu.ar\/tienda\/wp-json\/wp\/v2\/types\/product"}],"author":[{"embeddable":true,"href":"https:\/\/www.ucsf.edu.ar\/tienda\/wp-json\/wp\/v2\/users\/152"}],"replies":[{"embeddable":true,"href":"https:\/\/www.ucsf.edu.ar\/tienda\/wp-json\/wp\/v2\/comments?post=7205"}],"wp:featuredmedia":[{"embeddable":true,"href":"https:\/\/www.ucsf.edu.ar\/tienda\/wp-json\/wp\/v2\/media\/7206"}],"wp:attachment":[{"href":"https:\/\/www.ucsf.edu.ar\/tienda\/wp-json\/wp\/v2\/media?parent=7205"}],"wp:term":[{"taxonomy":"product_brand","embeddable":true,"href":"https:\/\/www.ucsf.edu.ar\/tienda\/wp-json\/wp\/v2\/product_brand?post=7205"},{"taxonomy":"product_cat","embeddable":true,"href":"https:\/\/www.ucsf.edu.ar\/tienda\/wp-json\/wp\/v2\/product_cat?post=7205"},{"taxonomy":"product_tag","embeddable":true,"href":"https:\/\/www.ucsf.edu.ar\/tienda\/wp-json\/wp\/v2\/product_tag?post=7205"}],"curies":[{"name":"wp","href":"https:\/\/api.w.org\/{rel}","templated":true}]}}