{"id":7215,"date":"2022-06-13T10:37:56","date_gmt":"2022-06-13T13:37:56","guid":{"rendered":"https:\/\/pagos.ucsf.edu.ar\/?post_type=product&#038;p=7215"},"modified":"2026-03-03T10:58:51","modified_gmt":"2026-03-03T13:58:51","slug":"idea-de-nacion-en-la-historia-argentina","status":"publish","type":"product","link":"https:\/\/www.ucsf.edu.ar\/tienda\/producto\/idea-de-nacion-en-la-historia-argentina\/","title":{"rendered":"Idea de naci\u00f3n en la historia argentina"},"content":{"rendered":"<p>A dos siglos del proceso emancipador, abordar conflictos y consensos respecto de la cuesti\u00f3n nacional argentina supone reconocer la existencia de una significativa tradici\u00f3n en la literatura de ideas, nutrida tanto en la pasi\u00f3n pol\u00edtica como en el an\u00e1lisis reflexivo. La imposibilidad de consignar todas las voces registradas a trav\u00e9s del tiempo habilita un criterio personal para establecer prioridades y diferenciar etapas en el recorrido propuesto: una breve historia centrada en el debate ideol\u00f3gico sobre la idea de naci\u00f3n, desde los a\u00f1os de la independencia hasta el retorno democr\u00e1tico de 1983, incluyendo los alcances del t\u00e9rmino esencial, los planteos de protagonistas del pasado rioplatense y las interpretaciones de especialistas, soslayando aquello que en el discurso pol\u00edtico o intelectual no se vincule expl\u00edcitamente con dicho eje.<\/p>\n","protected":false},"excerpt":{"rendered":"<h3>Idea de naci\u00f3n en la historia argentina:\u00a0Consenso y conflicto (1810-1983)<\/h3>\n<p><strong>Mario Daniel Andino<\/strong><\/p>\n","protected":false},"author":152,"featured_media":7216,"comment_status":"closed","ping_status":"closed","template":"","meta":{"_acf_changed":false},"product_brand":[],"product_cat":[459],"product_tag":[659,687,688,689,690],"class_list":{"0":"post-7215","1":"product","2":"type-product","3":"status-publish","4":"has-post-thumbnail","6":"product_cat-libros","7":"product_tag-politica","8":"product_tag-historia-argentina","9":"product_tag-idea-de-nacion","10":"product_tag-democratico","11":"product_tag-rioplatense","13":"first","14":"instock","15":"shipping-taxable","16":"purchasable","17":"product-type-simple"},"acf":[],"_links":{"self":[{"href":"https:\/\/www.ucsf.edu.ar\/tienda\/wp-json\/wp\/v2\/product\/7215","targetHints":{"allow":["GET"]}}],"collection":[{"href":"https:\/\/www.ucsf.edu.ar\/tienda\/wp-json\/wp\/v2\/product"}],"about":[{"href":"https:\/\/www.ucsf.edu.ar\/tienda\/wp-json\/wp\/v2\/types\/product"}],"author":[{"embeddable":true,"href":"https:\/\/www.ucsf.edu.ar\/tienda\/wp-json\/wp\/v2\/users\/152"}],"replies":[{"embeddable":true,"href":"https:\/\/www.ucsf.edu.ar\/tienda\/wp-json\/wp\/v2\/comments?post=7215"}],"wp:featuredmedia":[{"embeddable":true,"href":"https:\/\/www.ucsf.edu.ar\/tienda\/wp-json\/wp\/v2\/media\/7216"}],"wp:attachment":[{"href":"https:\/\/www.ucsf.edu.ar\/tienda\/wp-json\/wp\/v2\/media?parent=7215"}],"wp:term":[{"taxonomy":"product_brand","embeddable":true,"href":"https:\/\/www.ucsf.edu.ar\/tienda\/wp-json\/wp\/v2\/product_brand?post=7215"},{"taxonomy":"product_cat","embeddable":true,"href":"https:\/\/www.ucsf.edu.ar\/tienda\/wp-json\/wp\/v2\/product_cat?post=7215"},{"taxonomy":"product_tag","embeddable":true,"href":"https:\/\/www.ucsf.edu.ar\/tienda\/wp-json\/wp\/v2\/product_tag?post=7215"}],"curies":[{"name":"wp","href":"https:\/\/api.w.org\/{rel}","templated":true}]}}