{"id":7228,"date":"2022-06-13T11:27:07","date_gmt":"2022-06-13T14:27:07","guid":{"rendered":"https:\/\/pagos.ucsf.edu.ar\/?post_type=product&#038;p=7228"},"modified":"2026-03-03T10:42:16","modified_gmt":"2026-03-03T13:42:16","slug":"comedias-dramaticas","status":"publish","type":"product","link":"https:\/\/www.ucsf.edu.ar\/tienda\/producto\/comedias-dramaticas\/","title":{"rendered":"Comedias dram\u00e1ticas"},"content":{"rendered":"<p>Siete comedias dram\u00e1ticas del dramaturgo argentino Jos\u00e9 Ignacio Serralunga. En ellas, protagonistas comunes, reconocibles, con sus alegr\u00edas y sus angustias cotidianas, pero envueltas, por obra de la imaginaci\u00f3n, en algunas circunstancias que nos distancian, como espectadores, de esa realidad prosaica. Nada parecen prometer en principio el encuentro del sacerdote con la joven, la due\u00f1a de casa y su empleada dom\u00e9stica, una madre con sus hijos, dos soldados en la v\u00edspera de una batalla, o unas inmigrantes francesas en un pueblito argentino en el siglo diecinueve.<br \/>\nSalvo que, como sucede en algunas de estas piezas teatrales, aparezcan atisbos de situaciones m\u00e1gicas, on\u00edricas, incluso mitol\u00f3gicas que har\u00e1n, por contraste, parecer a\u00fan m\u00e1s reales, m\u00e1s atrapantes, las historias.<\/p>\n","protected":false},"excerpt":{"rendered":"<h3>COLECCI\u00d3N TEATRO<\/h3>\n<p>Comedias dram\u00e1ticas<\/p>\n<p><strong>Jos\u00e9 Ignacio Serralunga<\/strong><\/p>\n","protected":false},"author":152,"featured_media":7229,"comment_status":"closed","ping_status":"closed","template":"","meta":{"_acf_changed":false},"product_brand":[],"product_cat":[459],"product_tag":[677,698],"class_list":{"0":"post-7228","1":"product","2":"type-product","3":"status-publish","4":"has-post-thumbnail","6":"product_cat-libros","7":"product_tag-comedias","8":"product_tag-dramaturgo","10":"first","11":"instock","12":"shipping-taxable","13":"purchasable","14":"product-type-simple"},"acf":[],"_links":{"self":[{"href":"https:\/\/www.ucsf.edu.ar\/tienda\/wp-json\/wp\/v2\/product\/7228","targetHints":{"allow":["GET"]}}],"collection":[{"href":"https:\/\/www.ucsf.edu.ar\/tienda\/wp-json\/wp\/v2\/product"}],"about":[{"href":"https:\/\/www.ucsf.edu.ar\/tienda\/wp-json\/wp\/v2\/types\/product"}],"author":[{"embeddable":true,"href":"https:\/\/www.ucsf.edu.ar\/tienda\/wp-json\/wp\/v2\/users\/152"}],"replies":[{"embeddable":true,"href":"https:\/\/www.ucsf.edu.ar\/tienda\/wp-json\/wp\/v2\/comments?post=7228"}],"wp:featuredmedia":[{"embeddable":true,"href":"https:\/\/www.ucsf.edu.ar\/tienda\/wp-json\/wp\/v2\/media\/7229"}],"wp:attachment":[{"href":"https:\/\/www.ucsf.edu.ar\/tienda\/wp-json\/wp\/v2\/media?parent=7228"}],"wp:term":[{"taxonomy":"product_brand","embeddable":true,"href":"https:\/\/www.ucsf.edu.ar\/tienda\/wp-json\/wp\/v2\/product_brand?post=7228"},{"taxonomy":"product_cat","embeddable":true,"href":"https:\/\/www.ucsf.edu.ar\/tienda\/wp-json\/wp\/v2\/product_cat?post=7228"},{"taxonomy":"product_tag","embeddable":true,"href":"https:\/\/www.ucsf.edu.ar\/tienda\/wp-json\/wp\/v2\/product_tag?post=7228"}],"curies":[{"name":"wp","href":"https:\/\/api.w.org\/{rel}","templated":true}]}}