{"id":7527,"date":"2022-08-23T10:53:26","date_gmt":"2022-08-23T13:53:26","guid":{"rendered":"https:\/\/pagos.ucsf.edu.ar\/?post_type=product&#038;p=7527"},"modified":"2026-03-03T10:38:22","modified_gmt":"2026-03-03T13:38:22","slug":"atlas-de-anatomia","status":"publish","type":"product","link":"https:\/\/www.ucsf.edu.ar\/tienda\/producto\/atlas-de-anatomia\/","title":{"rendered":"ATLAS DE ANATOM\u00cdA"},"content":{"rendered":"<p>Las fotos anat\u00f3micas que se incluyen en el Atlas concentran en cada imagen los conceptos indispensables para la b\u00fasqueda del entendimiento morfol\u00f3gico de nuestro cuerpo.\u00a0 El objetivo del estudio fue remarcar los accidentes anat\u00f3micos existentes en las regiones de la cabeza, cuello, t\u00f3rax, miembros superiores e inferiores y pelvis. El Atlas intenta disminuir la dificultad en el aprendizaje de la Anatom\u00eda Normal, centr\u00e1ndose en los conceptos anat\u00f3micos necesarios para la futura pr\u00e1ctica de la medicina en cualquiera de sus especialidades.<\/p>\n","protected":false},"excerpt":{"rendered":"<h3>ATLAS DE ANATOM\u00cdA<\/h3>\n<p><strong>Alejandro Fazio y Gast\u00f3n Saubidet<\/strong><\/p>\n","protected":false},"author":152,"featured_media":7528,"comment_status":"closed","ping_status":"closed","template":"","meta":{"_acf_changed":false},"product_brand":[],"product_cat":[459],"product_tag":[868,869,870,863,864,865,866,867],"class_list":{"0":"post-7527","1":"product","2":"type-product","3":"status-publish","4":"has-post-thumbnail","6":"product_cat-libros","7":"product_tag-miembros-superiores","8":"product_tag-miembros-inferiores","9":"product_tag-pelvis","10":"product_tag-anatomia-normal","11":"product_tag-anatomia-humana","12":"product_tag-cabeza","13":"product_tag-cuello","14":"product_tag-torax","16":"first","17":"instock","18":"shipping-taxable","19":"purchasable","20":"product-type-simple"},"acf":[],"_links":{"self":[{"href":"https:\/\/www.ucsf.edu.ar\/tienda\/wp-json\/wp\/v2\/product\/7527","targetHints":{"allow":["GET"]}}],"collection":[{"href":"https:\/\/www.ucsf.edu.ar\/tienda\/wp-json\/wp\/v2\/product"}],"about":[{"href":"https:\/\/www.ucsf.edu.ar\/tienda\/wp-json\/wp\/v2\/types\/product"}],"author":[{"embeddable":true,"href":"https:\/\/www.ucsf.edu.ar\/tienda\/wp-json\/wp\/v2\/users\/152"}],"replies":[{"embeddable":true,"href":"https:\/\/www.ucsf.edu.ar\/tienda\/wp-json\/wp\/v2\/comments?post=7527"}],"wp:featuredmedia":[{"embeddable":true,"href":"https:\/\/www.ucsf.edu.ar\/tienda\/wp-json\/wp\/v2\/media\/7528"}],"wp:attachment":[{"href":"https:\/\/www.ucsf.edu.ar\/tienda\/wp-json\/wp\/v2\/media?parent=7527"}],"wp:term":[{"taxonomy":"product_brand","embeddable":true,"href":"https:\/\/www.ucsf.edu.ar\/tienda\/wp-json\/wp\/v2\/product_brand?post=7527"},{"taxonomy":"product_cat","embeddable":true,"href":"https:\/\/www.ucsf.edu.ar\/tienda\/wp-json\/wp\/v2\/product_cat?post=7527"},{"taxonomy":"product_tag","embeddable":true,"href":"https:\/\/www.ucsf.edu.ar\/tienda\/wp-json\/wp\/v2\/product_tag?post=7527"}],"curies":[{"name":"wp","href":"https:\/\/api.w.org\/{rel}","templated":true}]}}