{"id":7550,"date":"2022-08-23T12:11:28","date_gmt":"2022-08-23T15:11:28","guid":{"rendered":"https:\/\/pagos.ucsf.edu.ar\/?post_type=product&#038;p=7550"},"modified":"2026-03-03T11:09:15","modified_gmt":"2026-03-03T14:09:15","slug":"historias-de-kazu-el-ultimo-kandhir","status":"publish","type":"product","link":"https:\/\/www.ucsf.edu.ar\/tienda\/producto\/historias-de-kazu-el-ultimo-kandhir\/","title":{"rendered":"HISTORIAS DE KAZ\u00da: El \u00faltimo Kandhir"},"content":{"rendered":"<p>Kaz\u00fa es un joven con muchas inquietudes. En esta aventura se pregunta:\u201d\u00bfSer\u00e9 capaz de llegar al norte de la gran monta\u00f1a?\u201d. S\u00f3lo un guerrero, o Kandhir en la lengua de su regi\u00f3n, podr\u00eda superar las dificultades del camino&#8230; Es imposible para alguien tan joven como \u00e9l. Pero Kaz\u00fa no solo tiene inquietudes, tambi\u00e9n posee una gran fuerza de esp\u00edritu y una marcada ambici\u00f3n. Luego de reflexionar,\u00a0 nota en su diario: Imposible es algo que a\u00fan no se ha conseguido. Y, convencido, agrega: Me convertir\u00e9 en el pr\u00f3ximo Kandhir, ser\u00e9 Kaz\u00fa Kandhir. Un sue\u00f1o se forj\u00f3 en el esp\u00edritu del joven y fue tras \u00e9l. Un libro de aventuras en el que los sentimientos y los grandes valores de la vida salen al paso a cada vuelta de p\u00e1gina.<\/p>\n","protected":false},"excerpt":{"rendered":"<h3>HISTORIAS DE KAZ\u00da: El \u00faltimo Kandhir<\/h3>\n<p><strong>Santiago de M\u00e1laga<\/strong><\/p>\n","protected":false},"author":152,"featured_media":7551,"comment_status":"closed","ping_status":"closed","template":"","meta":{"_acf_changed":false},"product_brand":[],"product_cat":[459],"product_tag":[882,879,880,881],"class_list":{"0":"post-7550","1":"product","2":"type-product","3":"status-publish","4":"has-post-thumbnail","6":"product_cat-libros","7":"product_tag-sentimientos","8":"product_tag-aventura","9":"product_tag-lectura-infantil","10":"product_tag-valores-de-vida","12":"first","13":"instock","14":"shipping-taxable","15":"purchasable","16":"product-type-simple"},"acf":[],"_links":{"self":[{"href":"https:\/\/www.ucsf.edu.ar\/tienda\/wp-json\/wp\/v2\/product\/7550","targetHints":{"allow":["GET"]}}],"collection":[{"href":"https:\/\/www.ucsf.edu.ar\/tienda\/wp-json\/wp\/v2\/product"}],"about":[{"href":"https:\/\/www.ucsf.edu.ar\/tienda\/wp-json\/wp\/v2\/types\/product"}],"author":[{"embeddable":true,"href":"https:\/\/www.ucsf.edu.ar\/tienda\/wp-json\/wp\/v2\/users\/152"}],"replies":[{"embeddable":true,"href":"https:\/\/www.ucsf.edu.ar\/tienda\/wp-json\/wp\/v2\/comments?post=7550"}],"wp:featuredmedia":[{"embeddable":true,"href":"https:\/\/www.ucsf.edu.ar\/tienda\/wp-json\/wp\/v2\/media\/7551"}],"wp:attachment":[{"href":"https:\/\/www.ucsf.edu.ar\/tienda\/wp-json\/wp\/v2\/media?parent=7550"}],"wp:term":[{"taxonomy":"product_brand","embeddable":true,"href":"https:\/\/www.ucsf.edu.ar\/tienda\/wp-json\/wp\/v2\/product_brand?post=7550"},{"taxonomy":"product_cat","embeddable":true,"href":"https:\/\/www.ucsf.edu.ar\/tienda\/wp-json\/wp\/v2\/product_cat?post=7550"},{"taxonomy":"product_tag","embeddable":true,"href":"https:\/\/www.ucsf.edu.ar\/tienda\/wp-json\/wp\/v2\/product_tag?post=7550"}],"curies":[{"name":"wp","href":"https:\/\/api.w.org\/{rel}","templated":true}]}}