{"id":7575,"date":"2022-08-26T09:47:54","date_gmt":"2022-08-26T12:47:54","guid":{"rendered":"https:\/\/pagos.ucsf.edu.ar\/?post_type=product&#038;p=7575"},"modified":"2026-03-03T11:10:43","modified_gmt":"2026-03-03T14:10:43","slug":"la-medicina-filosofica-del-cristianismo-antiguo","status":"publish","type":"product","link":"https:\/\/www.ucsf.edu.ar\/tienda\/producto\/la-medicina-filosofica-del-cristianismo-antiguo\/","title":{"rendered":"La medicina filos\u00f3fica del Cristianismo antiguo"},"content":{"rendered":"<p>Durante los tres primeros siglos de la era cristiana, la medicina se hallaba cimentada en las intuiciones fundamentales de Hip\u00f3crates y de la escuela met\u00f3dica fundada por Themison de Laodicea, a las cuales se le agregaron en el siglo II las pr\u00e1cticas quir\u00fargicas de Galeno, iniciador por excelencia del pensamiento anat\u00f3mico. La pr\u00e1ctica m\u00e9dica oscilaba entonces entre la especulaci\u00f3n teor\u00e9tica, propia de la escuela de Cos, y la emp\u00edrica caracter\u00edstica de los met\u00f3dicos. Es posible extraer de la primera literatura cristiana can\u00f3nica y ap\u00f3crifa, de los escritos del juda\u00edsmo post-b\u00edblico y de la filosof\u00eda hel\u00e9nica, ideas fundamentales sobre el dinamismo c\u00f3smico y la centralidad del hombre como campo de convergencia de esas fuerzas conjuradas por el que realiza la curaci\u00f3n.<\/p>\n","protected":false},"excerpt":{"rendered":"<h3>La medicina filos\u00f3fica del Cristianismo antiguo<\/h3>\n<p><strong>Juan Carlos Alby<\/strong><\/p>\n","protected":false},"author":152,"featured_media":7576,"comment_status":"closed","ping_status":"closed","template":"","meta":{"_acf_changed":false},"product_brand":[],"product_cat":[459],"product_tag":[897,898,899,900,901],"class_list":{"0":"post-7575","1":"product","2":"type-product","3":"status-publish","4":"has-post-thumbnail","6":"product_cat-libros","7":"product_tag-medicina","8":"product_tag-filosofia-antigua","9":"product_tag-practicas-quirurgicas","10":"product_tag-galeno","11":"product_tag-pensamiento-anatomico","13":"first","14":"instock","15":"shipping-taxable","16":"purchasable","17":"product-type-simple"},"acf":[],"_links":{"self":[{"href":"https:\/\/www.ucsf.edu.ar\/tienda\/wp-json\/wp\/v2\/product\/7575","targetHints":{"allow":["GET"]}}],"collection":[{"href":"https:\/\/www.ucsf.edu.ar\/tienda\/wp-json\/wp\/v2\/product"}],"about":[{"href":"https:\/\/www.ucsf.edu.ar\/tienda\/wp-json\/wp\/v2\/types\/product"}],"author":[{"embeddable":true,"href":"https:\/\/www.ucsf.edu.ar\/tienda\/wp-json\/wp\/v2\/users\/152"}],"replies":[{"embeddable":true,"href":"https:\/\/www.ucsf.edu.ar\/tienda\/wp-json\/wp\/v2\/comments?post=7575"}],"wp:featuredmedia":[{"embeddable":true,"href":"https:\/\/www.ucsf.edu.ar\/tienda\/wp-json\/wp\/v2\/media\/7576"}],"wp:attachment":[{"href":"https:\/\/www.ucsf.edu.ar\/tienda\/wp-json\/wp\/v2\/media?parent=7575"}],"wp:term":[{"taxonomy":"product_brand","embeddable":true,"href":"https:\/\/www.ucsf.edu.ar\/tienda\/wp-json\/wp\/v2\/product_brand?post=7575"},{"taxonomy":"product_cat","embeddable":true,"href":"https:\/\/www.ucsf.edu.ar\/tienda\/wp-json\/wp\/v2\/product_cat?post=7575"},{"taxonomy":"product_tag","embeddable":true,"href":"https:\/\/www.ucsf.edu.ar\/tienda\/wp-json\/wp\/v2\/product_tag?post=7575"}],"curies":[{"name":"wp","href":"https:\/\/api.w.org\/{rel}","templated":true}]}}