{"id":7692,"date":"2022-11-08T12:33:56","date_gmt":"2022-11-08T15:33:56","guid":{"rendered":"https:\/\/pagos.ucsf.edu.ar\/?post_type=product&#038;p=7692"},"modified":"2026-03-03T11:05:34","modified_gmt":"2026-03-03T14:05:34","slug":"realizacion-de-microformatos-audiovisuales","status":"publish","type":"product","link":"https:\/\/www.ucsf.edu.ar\/tienda\/producto\/realizacion-de-microformatos-audiovisuales\/","title":{"rendered":"Realizaci\u00f3n de microformatos audiovisuales"},"content":{"rendered":"<p>La posmodernidad caracterizada por lo heterog\u00e9neo y lo diferente trajo consigo al fen\u00f3meno de la globalizaci\u00f3n.<br \/>\nUn aspecto de este fen\u00f3meno es su vinculaci\u00f3n con las nuevas tecnolog\u00edas de la informaci\u00f3n y la comunicaci\u00f3n que genera consecuencias en lo social y en lo experiencial.<br \/>\nLa comunicaci\u00f3n virtual es producto de un nuevo espacio social que influye en la construcci\u00f3n de nuevas identidades.<\/p>\n","protected":false},"excerpt":{"rendered":"<h3>SERIE CUADERNOS<\/h3>\n<p><strong>Realizaci\u00f3n de microformatos audiovisuales<\/strong><\/p>\n<div class=\"woocommerce-product-details__short-description\">\n<p>DANILO GABRIEL METTINI<\/p>\n<\/div>\n","protected":false},"author":152,"featured_media":7693,"comment_status":"closed","ping_status":"closed","template":"","meta":{"_acf_changed":false},"product_brand":[],"product_cat":[459],"product_tag":[939,940,941,942],"class_list":{"0":"post-7692","1":"product","2":"type-product","3":"status-publish","4":"has-post-thumbnail","6":"product_cat-libros","7":"product_tag-comunicacion-virtual","8":"product_tag-nuevas-tecnologias","9":"product_tag-cibercultura","10":"product_tag-redes-sociales","12":"first","13":"instock","14":"shipping-taxable","15":"purchasable","16":"product-type-simple"},"acf":[],"_links":{"self":[{"href":"https:\/\/www.ucsf.edu.ar\/tienda\/wp-json\/wp\/v2\/product\/7692","targetHints":{"allow":["GET"]}}],"collection":[{"href":"https:\/\/www.ucsf.edu.ar\/tienda\/wp-json\/wp\/v2\/product"}],"about":[{"href":"https:\/\/www.ucsf.edu.ar\/tienda\/wp-json\/wp\/v2\/types\/product"}],"author":[{"embeddable":true,"href":"https:\/\/www.ucsf.edu.ar\/tienda\/wp-json\/wp\/v2\/users\/152"}],"replies":[{"embeddable":true,"href":"https:\/\/www.ucsf.edu.ar\/tienda\/wp-json\/wp\/v2\/comments?post=7692"}],"wp:featuredmedia":[{"embeddable":true,"href":"https:\/\/www.ucsf.edu.ar\/tienda\/wp-json\/wp\/v2\/media\/7693"}],"wp:attachment":[{"href":"https:\/\/www.ucsf.edu.ar\/tienda\/wp-json\/wp\/v2\/media?parent=7692"}],"wp:term":[{"taxonomy":"product_brand","embeddable":true,"href":"https:\/\/www.ucsf.edu.ar\/tienda\/wp-json\/wp\/v2\/product_brand?post=7692"},{"taxonomy":"product_cat","embeddable":true,"href":"https:\/\/www.ucsf.edu.ar\/tienda\/wp-json\/wp\/v2\/product_cat?post=7692"},{"taxonomy":"product_tag","embeddable":true,"href":"https:\/\/www.ucsf.edu.ar\/tienda\/wp-json\/wp\/v2\/product_tag?post=7692"}],"curies":[{"name":"wp","href":"https:\/\/api.w.org\/{rel}","templated":true}]}}