{"id":8215,"date":"2023-08-28T12:13:28","date_gmt":"2023-08-28T15:13:28","guid":{"rendered":"https:\/\/pagos.ucsf.edu.ar\/?post_type=product&#038;p=8215"},"modified":"2026-03-03T11:03:16","modified_gmt":"2026-03-03T14:03:16","slug":"dialogos-sobre-bioetica","status":"publish","type":"product","link":"https:\/\/www.ucsf.edu.ar\/tienda\/producto\/dialogos-sobre-bioetica\/","title":{"rendered":"Di\u00e1logos sobre Bio\u00e9tica"},"content":{"rendered":"<p>La Bio\u00e9tica no es otra cosa que una \u00e9tica aplicada, entendida esta expresi\u00f3n en el sentido de que ella no es sino una \u00e9tica referida a determinadas acciones del hombre, aquellas acciones que tienen que ver con el uso recto y prudente de los recursos que ofrece una biotecnolog\u00eda en creciente y desordenado desarrollo.<\/p>\n<p>La corriente Personalista Ontol\u00f3gicamente Fundada reconoce el valor y dignidad de la vida humana desde la concepci\u00f3n hasta la muerte natural, y junto a las ense\u00f1anzas del Magisterio quiere ofrecer la posibilidad de un di\u00e1logo integrador entre la fe, la raz\u00f3n y la ciencia.<\/p>\n","protected":false},"excerpt":{"rendered":"<h3>Di\u00e1logos sobre Bio\u00e9tica<\/h3>\n<p><strong>Mario R.\u00a0 D\u00b4Angelo y Elisabet A. Vidal<\/strong><\/p>\n","protected":false},"author":152,"featured_media":8216,"comment_status":"closed","ping_status":"closed","template":"","meta":{"_acf_changed":false},"product_brand":[],"product_cat":[459],"product_tag":[1166,1167,1168,1169,1170,1171,1172],"class_list":{"0":"post-8215","1":"product","2":"type-product","3":"status-publish","4":"has-post-thumbnail","6":"product_cat-libros","7":"product_tag-bioetica","8":"product_tag-etica","9":"product_tag-biotecnologia","10":"product_tag-dignidad-humana","11":"product_tag-fe","12":"product_tag-razon","13":"product_tag-ciencia","15":"first","16":"instock","17":"shipping-taxable","18":"purchasable","19":"product-type-simple"},"acf":[],"_links":{"self":[{"href":"https:\/\/www.ucsf.edu.ar\/tienda\/wp-json\/wp\/v2\/product\/8215","targetHints":{"allow":["GET"]}}],"collection":[{"href":"https:\/\/www.ucsf.edu.ar\/tienda\/wp-json\/wp\/v2\/product"}],"about":[{"href":"https:\/\/www.ucsf.edu.ar\/tienda\/wp-json\/wp\/v2\/types\/product"}],"author":[{"embeddable":true,"href":"https:\/\/www.ucsf.edu.ar\/tienda\/wp-json\/wp\/v2\/users\/152"}],"replies":[{"embeddable":true,"href":"https:\/\/www.ucsf.edu.ar\/tienda\/wp-json\/wp\/v2\/comments?post=8215"}],"wp:featuredmedia":[{"embeddable":true,"href":"https:\/\/www.ucsf.edu.ar\/tienda\/wp-json\/wp\/v2\/media\/8216"}],"wp:attachment":[{"href":"https:\/\/www.ucsf.edu.ar\/tienda\/wp-json\/wp\/v2\/media?parent=8215"}],"wp:term":[{"taxonomy":"product_brand","embeddable":true,"href":"https:\/\/www.ucsf.edu.ar\/tienda\/wp-json\/wp\/v2\/product_brand?post=8215"},{"taxonomy":"product_cat","embeddable":true,"href":"https:\/\/www.ucsf.edu.ar\/tienda\/wp-json\/wp\/v2\/product_cat?post=8215"},{"taxonomy":"product_tag","embeddable":true,"href":"https:\/\/www.ucsf.edu.ar\/tienda\/wp-json\/wp\/v2\/product_tag?post=8215"}],"curies":[{"name":"wp","href":"https:\/\/api.w.org\/{rel}","templated":true}]}}